{"id":8,"date":"2025-05-05T15:35:43","date_gmt":"2025-05-05T15:35:43","guid":{"rendered":"https:\/\/dj-eric-fisherman.com\/ecliptica\/"},"modified":"2025-12-15T14:29:21","modified_gmt":"2025-12-15T14:29:21","slug":"ecliptica","status":"publish","type":"page","link":"https:\/\/dj-eric-fisherman.com\/en\/","title":{"rendered":"Home"},"content":{"rendered":"<div class=\"wp-block-cover alignfull homepage-cover wp-duotone-midnight\" style=\"margin-top:0;padding-top:5vw;padding-right:5vw;padding-bottom:5vw;padding-left:5vw\"><img loading=\"lazy\" decoding=\"async\" width=\"1024\" height=\"1024\" class=\"wp-block-cover__image-background wp-image-309 size-large\" alt=\"\" src=\"https:\/\/dj-eric-fisherman.com\/wp-content\/uploads\/2025\/12\/Profile-Picture-1024x1024.png\" data-object-fit=\"cover\" srcset=\"https:\/\/dj-eric-fisherman.com\/wp-content\/uploads\/2025\/12\/Profile-Picture-1024x1024.png 1024w, https:\/\/dj-eric-fisherman.com\/wp-content\/uploads\/2025\/12\/Profile-Picture-300x300.png 300w, https:\/\/dj-eric-fisherman.com\/wp-content\/uploads\/2025\/12\/Profile-Picture-150x150.png 150w, https:\/\/dj-eric-fisherman.com\/wp-content\/uploads\/2025\/12\/Profile-Picture-768x768.png 768w, https:\/\/dj-eric-fisherman.com\/wp-content\/uploads\/2025\/12\/Profile-Picture-1536x1536.png 1536w, https:\/\/dj-eric-fisherman.com\/wp-content\/uploads\/2025\/12\/Profile-Picture-2048x2048.png 2048w, https:\/\/dj-eric-fisherman.com\/wp-content\/uploads\/2025\/12\/Profile-Picture-12x12.png 12w\" sizes=\"auto, (max-width: 1024px) 100vw, 1024px\" \/><span aria-hidden=\"true\" class=\"wp-block-cover__background has-neve-link-color-background-color has-background-dim\"><\/span><div class=\"wp-block-cover__inner-container is-layout-flow wp-block-cover-is-layout-flow\">\n<div class=\"wp-block-group is-layout-flex wp-container-core-group-is-layout-7f408244 wp-block-group-is-layout-flex\">\n<div class=\"wp-block-group wp-container-content-9cfa9a5a\"><div class=\"wp-block-group__inner-container is-layout-flow wp-block-group-is-layout-flow\">\n<p class=\"has-text-align-left has-text-color\" style=\"color:#78a1c6;font-size:8em;font-style:normal;font-weight:700;letter-spacing:-4px;line-height:0.9;text-transform:uppercase\">Hello<\/p>\n\n\n\n<p class=\"has-text-align-left has-white-color has-text-color\" style=\"font-size:8em;font-style:normal;font-weight:700;letter-spacing:-4px;line-height:0.9;text-transform:uppercase\">I am Eric<\/p>\n<\/div><\/div>\n\n\n\n<div class=\"wp-block-group wp-container-content-5b91cf2b is-vertical is-nowrap is-layout-flex wp-container-core-group-is-layout-07e09966 wp-block-group-is-layout-flex\">\n<p class=\"has-nv-site-bg-color has-text-color has-link-color wp-elements-f38fb2655955e3a459f36237e6379e6c\" style=\"font-size:17px;font-style:normal;font-weight:500;letter-spacing:0px;line-height:1.4;text-decoration:none;text-transform:none\">DJ with passion. I've been making music since I was 12. While my heart belongs to trance music, I enjoy experimenting with different genres and styles. My biggest gig was the opening ceremony of the State Gymnastics Festival 2024 at Marienplatz in Ravensburg, where I had the opportunity to perform in front of about 8,000 people.<\/p>\n\n\n\n<p class=\"has-nv-site-bg-color has-text-color has-link-color wp-elements-1fc09c079e4468f60e59adedc7cc7654\" style=\"font-size:17px;font-style:normal;font-weight:500;letter-spacing:0px;line-height:1.4;text-decoration:none;text-transform:none\">Energiereiche Sets mit schnellen Blenden und Mashups sind meine Markenzeichen bei Gigs. Meine Musik ist \u00e4hnlich: Tech Trance das scheppert. Trotzdem ist es mir immer wichtig, dass G\u00e4ste und Veranstalter zufrieden sind und richte mich gerne auch nach W\u00fcnschen.<\/p>\n\n\n\n<div style=\"height:50px\" aria-hidden=\"true\" class=\"wp-block-spacer wp-container-content-b30579f5\"><\/div>\n\n\n\n<div class=\"wp-block-buttons is-layout-flex wp-block-buttons-is-layout-flex\">\n<div class=\"wp-block-button\"><a class=\"wp-block-button__link has-white-color has-black-background-color has-text-color has-background has-custom-font-size wp-element-button\" href=\"https:\/\/dj-eric-fisherman.com\/en\/news\/\" style=\"border-radius:0px;border-top-style:none;border-top-width:0px;border-right-style:none;border-right-width:0px;border-bottom-style:none;border-bottom-width:0px;border-left-style:none;border-left-width:0px;padding-top:24px;padding-right:36px;padding-bottom:24px;padding-left:36px;font-size:20px;font-style:normal;font-weight:700;letter-spacing:0px;text-decoration:none;text-transform:none\">Read the news<\/a><\/div>\n<\/div>\n<\/div>\n<\/div>\n<\/div><\/div>\n\n\n\n<div class=\"wp-block-cover alignfull wp-duotone-midnight\" style=\"margin-top:0;padding-top:48px;padding-right:48px;padding-bottom:48px;padding-left:48px;min-height:66vh;aspect-ratio:unset;\"><img loading=\"lazy\" decoding=\"async\" width=\"1024\" height=\"1024\" class=\"wp-block-cover__image-background wp-image-100 size-large\" alt=\"Eric Fisherman auf der B\u00fchne des Landesturnfest 2024 auf dem Marienplatz in Ravensburg.\" src=\"https:\/\/dj-eric-fisherman.com\/wp-content\/uploads\/2025\/05\/IMG_0019-edited-1024x1024.jpeg\" data-object-fit=\"cover\" srcset=\"https:\/\/dj-eric-fisherman.com\/wp-content\/uploads\/2025\/05\/IMG_0019-edited-1024x1024.jpeg 1024w, https:\/\/dj-eric-fisherman.com\/wp-content\/uploads\/2025\/05\/IMG_0019-edited-300x300.jpeg 300w, https:\/\/dj-eric-fisherman.com\/wp-content\/uploads\/2025\/05\/IMG_0019-edited-150x150.jpeg 150w, https:\/\/dj-eric-fisherman.com\/wp-content\/uploads\/2025\/05\/IMG_0019-edited-768x768.jpeg 768w, https:\/\/dj-eric-fisherman.com\/wp-content\/uploads\/2025\/05\/IMG_0019-edited-12x12.jpeg 12w, https:\/\/dj-eric-fisherman.com\/wp-content\/uploads\/2025\/05\/IMG_0019-edited.jpeg 1536w\" sizes=\"auto, (max-width: 1024px) 100vw, 1024px\" \/><span aria-hidden=\"true\" class=\"wp-block-cover__background has-background-dim-30 has-background-dim\" style=\"background-color:#715887\"><\/span><div class=\"wp-block-cover__inner-container is-layout-flow wp-block-cover-is-layout-flow\">\n<div class=\"wp-block-group centered-design-block is-content-justification-left\"><div class=\"wp-block-group__inner-container is-layout-constrained wp-container-core-group-is-layout-7206f975 wp-block-group-is-layout-constrained\">\n<h2 class=\"wp-block-heading has-text-align-left has-white-color has-text-color\" style=\"font-size:100px;font-style:normal;font-weight:700;letter-spacing:0px;line-height:1;text-transform:uppercase\">Mixes &amp; Live recordings<\/h2>\n\n\n\n<div style=\"height:72px\" aria-hidden=\"true\" class=\"wp-block-spacer\"><\/div>\n\n\n\n<div class=\"wp-block-buttons is-content-justification-left is-nowrap is-layout-flex wp-container-core-buttons-is-layout-6447b855 wp-block-buttons-is-layout-flex\">\n<div class=\"wp-block-button is-style-outline is-style-default is-style-outline--1\"><a class=\"wp-block-button__link has-white-color has-text-color has-custom-font-size wp-element-button\" href=\"https:\/\/mixcloud.com\/dj_eric_fisherman\" style=\"padding-top:24px;padding-right:48px;padding-bottom:24px;padding-left:48px;font-size:16px;font-style:normal;font-weight:600;letter-spacing:0px;text-transform:uppercase\" target=\"_blank\" rel=\"noreferrer noopener\">Listen now<\/a><\/div>\n<\/div>\n<\/div><\/div>\n<\/div><\/div>\n\n\n\n<div class=\"wp-block-cover alignfull wp-duotone-rgb302780-rgb107153150-3\" style=\"margin-top:0;padding-top:48px;padding-right:48px;padding-bottom:48px;padding-left:48px;min-height:66vh;aspect-ratio:unset;\"><img loading=\"lazy\" decoding=\"async\" width=\"684\" height=\"1024\" class=\"wp-block-cover__image-background wp-image-322 size-large\" alt=\"\" src=\"https:\/\/dj-eric-fisherman.com\/wp-content\/uploads\/2025\/12\/2024-05-31-DSC00075-684x1024.jpg\" data-object-fit=\"cover\" srcset=\"https:\/\/dj-eric-fisherman.com\/wp-content\/uploads\/2025\/12\/2024-05-31-DSC00075-684x1024.jpg 684w, https:\/\/dj-eric-fisherman.com\/wp-content\/uploads\/2025\/12\/2024-05-31-DSC00075-201x300.jpg 201w, https:\/\/dj-eric-fisherman.com\/wp-content\/uploads\/2025\/12\/2024-05-31-DSC00075-768x1149.jpg 768w, https:\/\/dj-eric-fisherman.com\/wp-content\/uploads\/2025\/12\/2024-05-31-DSC00075-1027x1536.jpg 1027w, https:\/\/dj-eric-fisherman.com\/wp-content\/uploads\/2025\/12\/2024-05-31-DSC00075-1369x2048.jpg 1369w, https:\/\/dj-eric-fisherman.com\/wp-content\/uploads\/2025\/12\/2024-05-31-DSC00075-8x12.jpg 8w, https:\/\/dj-eric-fisherman.com\/wp-content\/uploads\/2025\/12\/2024-05-31-DSC00075-scaled.jpg 1711w\" sizes=\"auto, (max-width: 684px) 100vw, 684px\" \/><span aria-hidden=\"true\" class=\"wp-block-cover__background has-background-dim-30 has-background-dim\" style=\"background-color:#434674\"><\/span><div class=\"wp-block-cover__inner-container is-layout-flow wp-block-cover-is-layout-flow\">\n<div class=\"wp-block-group centered-design-block is-content-justification-left\"><div class=\"wp-block-group__inner-container is-layout-constrained wp-container-core-group-is-layout-7206f975 wp-block-group-is-layout-constrained\">\n<h2 class=\"wp-block-heading has-text-align-right has-white-color has-text-color\" style=\"font-size:100px;font-style:normal;font-weight:700;letter-spacing:0px;line-height:1;text-transform:uppercase\">My music<\/h2>\n\n\n\n<div style=\"height:72px\" aria-hidden=\"true\" class=\"wp-block-spacer\"><\/div>\n\n\n\n<div class=\"wp-block-buttons is-content-justification-right is-nowrap is-layout-flex wp-container-core-buttons-is-layout-f5f3ae2a wp-block-buttons-is-layout-flex\">\n<div class=\"wp-block-button is-style-outline is-style-outline--2\"><a class=\"wp-block-button__link has-white-color has-text-color has-custom-font-size wp-element-button\" href=\"https:\/\/soundcloud.com\/dj_eric_fisherman\" style=\"padding-top:24px;padding-right:48px;padding-bottom:24px;padding-left:48px;font-size:16px;font-style:normal;font-weight:600;letter-spacing:0px;text-transform:uppercase\" target=\"_blank\" rel=\"noreferrer noopener\">Listen now<\/a><\/div>\n<\/div>\n<\/div><\/div>\n<\/div><\/div>\n\n\n\n<div class=\"wp-block-cover alignfull\" style=\"margin-top:0;padding-top:5vw;padding-right:5vw;padding-bottom:5vw;padding-left:5vw\"><span aria-hidden=\"true\" class=\"wp-block-cover__background has-background-dim-100 has-background-dim\" style=\"background-color:#197092\"><\/span><div class=\"wp-block-cover__inner-container is-layout-flow wp-block-cover-is-layout-flow\">\n<div class=\"wp-block-group centered-design-block is-layout-flex wp-container-core-group-is-layout-7f408244 wp-block-group-is-layout-flex\">\n<div class=\"wp-block-group word-break wp-container-content-9cfa9a5a\"><div class=\"wp-block-group__inner-container is-layout-flow wp-block-group-is-layout-flow\">\n<p class=\"has-text-align-left has-black-color has-text-color\" style=\"font-size:148px;font-style:normal;font-weight:700;letter-spacing:-4px;line-height:0.9;text-transform:none\">Take<\/p>\n\n\n\n<p class=\"has-text-align-left has-black-color has-text-color\" style=\"font-size:148px;font-style:normal;font-weight:700;letter-spacing:-4px;line-height:0.9;text-transform:none\">my<\/p>\n\n\n\n<p class=\"has-text-align-left has-white-color has-text-color\" style=\"font-size:148px;font-style:normal;font-weight:700;letter-spacing:-4px;line-height:0.9;text-transform:none\">music<\/p>\n\n\n\n<p class=\"has-text-align-left has-white-color has-text-color\" style=\"font-size:148px;font-style:normal;font-weight:700;letter-spacing:-4px;line-height:0.9;text-transform:none\">with you<\/p>\n<\/div><\/div>\n\n\n\n<div class=\"wp-block-group wp-container-content-5b91cf2b is-vertical is-nowrap is-layout-flex wp-container-core-group-is-layout-07e09966 wp-block-group-is-layout-flex\">\n<p class=\"has-text-color has-link-color wp-elements-00ba10126f28d1934070f4eac78ffc04\" style=\"color:#000000;font-size:17px;font-style:normal;font-weight:500;letter-spacing:0px;line-height:1.4;text-decoration:none;text-transform:none\">My songs are available on all major streaming platforms. Just search for \"Eric Fisherman\" and you will find them!<\/p>\n\n\n\n<div class=\"wp-block-buttons is-layout-flex wp-block-buttons-is-layout-flex\">\n<div class=\"wp-block-button\"><a class=\"wp-block-button__link has-white-color has-black-background-color has-text-color has-background has-custom-font-size wp-element-button\" href=\"https:\/\/open.spotify.com\/intl-de\/artist\/5lFyjsfpGSMUg7W0t46sm9\" style=\"border-radius:0px;border-top-style:none;border-top-width:0px;border-right-style:none;border-right-width:0px;border-bottom-style:none;border-bottom-width:0px;border-left-style:none;border-left-width:0px;padding-top:24px;padding-right:36px;padding-bottom:24px;padding-left:36px;font-size:20px;font-style:normal;font-weight:700;letter-spacing:0px;text-decoration:none;text-transform:none\" target=\"_blank\" rel=\"noreferrer noopener\">Spotify<\/a><\/div>\n\n\n\n<div class=\"wp-block-button\"><a class=\"wp-block-button__link has-white-color has-black-background-color has-text-color has-background has-custom-font-size wp-element-button\" href=\"https:\/\/music.apple.com\/de\/artist\/eric-fisherman\/1440763959\" style=\"border-radius:0px;border-top-style:none;border-top-width:0px;border-right-style:none;border-right-width:0px;border-bottom-style:none;border-bottom-width:0px;border-left-style:none;border-left-width:0px;padding-top:24px;padding-right:36px;padding-bottom:24px;padding-left:36px;font-size:20px;font-style:normal;font-weight:700;letter-spacing:0px;text-decoration:none;text-transform:none\" target=\"_blank\" rel=\"noreferrer noopener\">Apple Music<\/a><\/div>\n\n\n\n<div class=\"wp-block-button\"><a class=\"wp-block-button__link has-white-color has-black-background-color has-text-color has-background has-custom-font-size wp-element-button\" href=\"https:\/\/tidal.com\/browse\/artist\/10681809\" style=\"border-radius:0px;border-top-style:none;border-top-width:0px;border-right-style:none;border-right-width:0px;border-bottom-style:none;border-bottom-width:0px;border-left-style:none;border-left-width:0px;padding-top:24px;padding-right:36px;padding-bottom:24px;padding-left:36px;font-size:20px;font-style:normal;font-weight:700;letter-spacing:0px;text-decoration:none;text-transform:none\">Tidal<\/a><\/div>\n\n\n\n<div class=\"wp-block-button\"><a class=\"wp-block-button__link has-white-color has-black-background-color has-text-color has-background has-custom-font-size wp-element-button\" href=\"https:\/\/soundcloud.com\/dj_eric_fisherman\" style=\"border-radius:0px;border-top-style:none;border-top-width:0px;border-right-style:none;border-right-width:0px;border-bottom-style:none;border-bottom-width:0px;border-left-style:none;border-left-width:0px;padding-top:24px;padding-right:36px;padding-bottom:24px;padding-left:36px;font-size:20px;font-style:normal;font-weight:700;letter-spacing:0px;text-decoration:none;text-transform:none\" target=\"_blank\" rel=\"noreferrer noopener\">Soundcloud<\/a><\/div>\n\n\n\n<div class=\"wp-block-button\"><a class=\"wp-block-button__link has-white-color has-black-background-color has-text-color has-background has-custom-font-size wp-element-button\" href=\"https:\/\/www.mixcloud.com\/dj_eric_fisherman\/\" style=\"border-radius:0px;border-top-style:none;border-top-width:0px;border-right-style:none;border-right-width:0px;border-bottom-style:none;border-bottom-width:0px;border-left-style:none;border-left-width:0px;padding-top:24px;padding-right:36px;padding-bottom:24px;padding-left:36px;font-size:20px;font-style:normal;font-weight:700;letter-spacing:0px;text-decoration:none;text-transform:none\" target=\"_blank\" rel=\"noreferrer noopener\">Mixcloud<\/a><\/div>\n\n\n\n<div class=\"wp-block-button\"><a class=\"wp-block-button__link has-white-color has-black-background-color has-text-color has-background has-custom-font-size wp-element-button\" href=\"https:\/\/www.deezer.com\/en\/artist\/55162632\" style=\"border-radius:0px;border-top-style:none;border-top-width:0px;border-right-style:none;border-right-width:0px;border-bottom-style:none;border-bottom-width:0px;border-left-style:none;border-left-width:0px;padding-top:24px;padding-right:36px;padding-bottom:24px;padding-left:36px;font-size:20px;font-style:normal;font-weight:700;letter-spacing:0px;text-decoration:none;text-transform:none\" target=\"_blank\" rel=\"noreferrer noopener\">Deezer<\/a><\/div>\n<\/div>\n<\/div>\n<\/div>\n<\/div><\/div>\n\n\n\n<div style=\"height:234px\" aria-hidden=\"true\" class=\"wp-block-spacer\"><\/div>\n\n\n\n<figure class=\"wp-block-image size-large\"><img loading=\"lazy\" decoding=\"async\" width=\"1024\" height=\"341\" src=\"https:\/\/dj-eric-fisherman.com\/wp-content\/uploads\/2025\/12\/Logo-2023-Full-Name-inverted-transparent-compressed-1024x341.png\" alt=\"\" class=\"wp-image-321\" srcset=\"https:\/\/dj-eric-fisherman.com\/wp-content\/uploads\/2025\/12\/Logo-2023-Full-Name-inverted-transparent-compressed-1024x341.png 1024w, https:\/\/dj-eric-fisherman.com\/wp-content\/uploads\/2025\/12\/Logo-2023-Full-Name-inverted-transparent-compressed-300x100.png 300w, https:\/\/dj-eric-fisherman.com\/wp-content\/uploads\/2025\/12\/Logo-2023-Full-Name-inverted-transparent-compressed-768x256.png 768w, https:\/\/dj-eric-fisherman.com\/wp-content\/uploads\/2025\/12\/Logo-2023-Full-Name-inverted-transparent-compressed-18x6.png 18w, https:\/\/dj-eric-fisherman.com\/wp-content\/uploads\/2025\/12\/Logo-2023-Full-Name-inverted-transparent-compressed.png 1333w\" sizes=\"auto, (max-width: 1024px) 100vw, 1024px\" \/><\/figure>\n\n\n\n<div style=\"height:287px\" aria-hidden=\"true\" class=\"wp-block-spacer\"><\/div>","protected":false},"excerpt":{"rendered":"","protected":false},"author":1,"featured_media":0,"parent":0,"menu_order":0,"comment_status":"closed","ping_status":"closed","template":"","meta":{"inline_featured_image":false,"neve_meta_sidebar":"","neve_meta_container":"","neve_meta_enable_content_width":"","neve_meta_content_width":0,"neve_meta_title_alignment":"","neve_meta_author_avatar":"","neve_post_elements_order":"","neve_meta_disable_header":"","neve_meta_disable_footer":"","neve_meta_disable_title":"on","footnotes":""},"class_list":["post-8","page","type-page","status-publish","hentry"],"_links":{"self":[{"href":"https:\/\/dj-eric-fisherman.com\/en\/wp-json\/wp\/v2\/pages\/8","targetHints":{"allow":["GET"]}}],"collection":[{"href":"https:\/\/dj-eric-fisherman.com\/en\/wp-json\/wp\/v2\/pages"}],"about":[{"href":"https:\/\/dj-eric-fisherman.com\/en\/wp-json\/wp\/v2\/types\/page"}],"author":[{"embeddable":true,"href":"https:\/\/dj-eric-fisherman.com\/en\/wp-json\/wp\/v2\/users\/1"}],"replies":[{"embeddable":true,"href":"https:\/\/dj-eric-fisherman.com\/en\/wp-json\/wp\/v2\/comments?post=8"}],"version-history":[{"count":55,"href":"https:\/\/dj-eric-fisherman.com\/en\/wp-json\/wp\/v2\/pages\/8\/revisions"}],"predecessor-version":[{"id":352,"href":"https:\/\/dj-eric-fisherman.com\/en\/wp-json\/wp\/v2\/pages\/8\/revisions\/352"}],"wp:attachment":[{"href":"https:\/\/dj-eric-fisherman.com\/en\/wp-json\/wp\/v2\/media?parent=8"}],"curies":[{"name":"wp","href":"https:\/\/api.w.org\/{rel}","templated":true}]}}